{"id":1937,"date":"2024-01-02T22:49:11","date_gmt":"2024-01-03T01:49:11","guid":{"rendered":"https:\/\/codigointeligente.com.br\/loja\/?post_type=product&#038;p=1937"},"modified":"2024-01-23T22:23:09","modified_gmt":"2024-01-24T01:23:09","slug":"minicurso-de-arduino-controle-de-acesso","status":"publish","type":"product","link":"https:\/\/codigointeligente.com.br\/loja\/produto\/minicurso-de-arduino-controle-de-acesso\/","title":{"rendered":"Minicurso de Arduino &#8211; Controle de Acesso"},"content":{"rendered":"<p><iframe title=\"Minicurso de Arduino - Controle de Acesso\" width=\"800\" height=\"450\" src=\"https:\/\/www.youtube.com\/embed\/GJwZ40g3pVU?feature=oembed&#038;enablejsapi=1&#038;origin=https:\/\/codigointeligente.com.br\" frameborder=\"0\" allow=\"accelerometer; autoplay; clipboard-write; encrypted-media; gyroscope; picture-in-picture; web-share\" allowfullscreen><\/iframe><\/p>\n<p>Este minicurso \u00e9 ideal para voc\u00ea aprimorar seu conhecimento sobre eletr\u00f4nica e programa\u00e7\u00e3o, conectando teoria e pr\u00e1tica.<\/p>\n<p>Uma combina\u00e7\u00e3o perfeita!<\/p>\n<p>Elaboraremos um programa de controle de acesso utilizando um kit completo, contendo: uma placa compat\u00edvel com o Arduino Mega, um m\u00f3dulo LCD, um leitor de RFID e um m\u00f3dulo rel\u00e9.<\/p>\n<p>Prepare-se para absorver muito conte\u00fado de forma r\u00e1pida, met\u00f3dica e eficaz.<\/p>\n<p>Principais conceitos abordados:<\/p>\n<ul>\n<li>Planejamento e estrutura\u00e7\u00e3o de programas<\/li>\n<li>Defini\u00e7\u00e3o e utiliza\u00e7\u00e3o de Classes e Objetos<\/li>\n<li>Hierarquia de vari\u00e1veis e fun\u00e7\u00f5es<\/li>\n<li>L\u00f3gica de programa\u00e7\u00e3o (estruturas condicionais, loops e mais)<\/li>\n<li>Plotagem de elementos gr\u00e1ficos<\/li>\n<li>Gest\u00e3o de mem\u00f3ria ram em microcontroladores<\/li>\n<li>Comunica\u00e7\u00e3o SPI entre microcontrolador de m\u00f3dulos externos<\/li>\n<\/ul>\n<p>&nbsp;<\/p>\n<p><strong>OBS 1: ESTE CURSO EST\u00c1 HOSPEDADO NA HOTMART.<\/strong><\/p>\n<p><strong>OBS 2: ESTE AN\u00daNCIO \u00c9 APENAS PARA O MINICURSO. PARA COMPRAR O KIT DE CONTROLE DE ACESSO, PROCURE POR ELE NA LOJA.<\/strong><\/p>\n","protected":false},"excerpt":{"rendered":"<p>Neste minicurso elaboraremos um programa de controle de acesso utilizando um kit completo, contendo: uma placa compat\u00edvel com o Arduino Mega, um m\u00f3dulo LCD, um leitor de RFID e um m\u00f3dulo rel\u00e9.<\/p>\n<p>Principais conceitos abordados:<\/p>\n<ul>\n<li>Planejamento e estrutura\u00e7\u00e3o de programas<\/li>\n<li>Defini\u00e7\u00e3o e utiliza\u00e7\u00e3o de Classes e Objetos<\/li>\n<li>Hierarquia de vari\u00e1veis e fun\u00e7\u00f5es<\/li>\n<li>L\u00f3gica de programa\u00e7\u00e3o (estruturas condicionais, loops e mais)<\/li>\n<li>Plotagem de elementos gr\u00e1ficos<\/li>\n<li>Gest\u00e3o de mem\u00f3ria ram em microcontroladores<\/li>\n<li>Comunica\u00e7\u00e3o SPI entre microcontrolador de m\u00f3dulos externos<\/li>\n<\/ul>\n<p>&nbsp;<\/p>\n<p><strong>OBS 1: ESTE CURSO EST\u00c1 HOSPEDADO NA HOTMART.<\/strong><\/p>\n<p><strong>OBS 2: ESTE AN\u00daNCIO \u00c9 APENAS PARA O MINICURSO. PARA COMPRAR O KIT DE CONTROLE DE ACESSO, PROCURE POR ELE NA LOJA.<\/strong><\/p>\n","protected":false},"featured_media":1938,"comment_status":"open","ping_status":"closed","template":"","meta":[],"product_brand":[],"product_cat":[30],"product_tag":[],"class_list":{"0":"post-1937","1":"product","2":"type-product","3":"status-publish","4":"has-post-thumbnail","6":"product_cat-minicursos","8":"first","9":"instock","10":"shipping-taxable","11":"product-type-external"},"_links":{"self":[{"href":"https:\/\/codigointeligente.com.br\/loja\/wp-json\/wp\/v2\/product\/1937","targetHints":{"allow":["GET"]}}],"collection":[{"href":"https:\/\/codigointeligente.com.br\/loja\/wp-json\/wp\/v2\/product"}],"about":[{"href":"https:\/\/codigointeligente.com.br\/loja\/wp-json\/wp\/v2\/types\/product"}],"replies":[{"embeddable":true,"href":"https:\/\/codigointeligente.com.br\/loja\/wp-json\/wp\/v2\/comments?post=1937"}],"wp:featuredmedia":[{"embeddable":true,"href":"https:\/\/codigointeligente.com.br\/loja\/wp-json\/wp\/v2\/media\/1938"}],"wp:attachment":[{"href":"https:\/\/codigointeligente.com.br\/loja\/wp-json\/wp\/v2\/media?parent=1937"}],"wp:term":[{"taxonomy":"product_brand","embeddable":true,"href":"https:\/\/codigointeligente.com.br\/loja\/wp-json\/wp\/v2\/product_brand?post=1937"},{"taxonomy":"product_cat","embeddable":true,"href":"https:\/\/codigointeligente.com.br\/loja\/wp-json\/wp\/v2\/product_cat?post=1937"},{"taxonomy":"product_tag","embeddable":true,"href":"https:\/\/codigointeligente.com.br\/loja\/wp-json\/wp\/v2\/product_tag?post=1937"}],"curies":[{"name":"wp","href":"https:\/\/api.w.org\/{rel}","templated":true}]}}