{"id":1876,"date":"2023-12-26T13:05:05","date_gmt":"2023-12-26T16:05:05","guid":{"rendered":"https:\/\/codigointeligente.com.br\/loja\/?post_type=product&#038;p=1876"},"modified":"2024-01-05T14:43:16","modified_gmt":"2024-01-05T17:43:16","slug":"due-lcd-rtc","status":"publish","type":"product","link":"https:\/\/codigointeligente.com.br\/loja\/produto\/due-lcd-rtc\/","title":{"rendered":"DUE + LCD 3.2 pol + RTC"},"content":{"rendered":"<p><strong>Especifica\u00e7\u00f5es da placa com Atmel SAM3X8E ARM Cortex-M3 CPU:<\/strong><\/p>\n<ul>\n<li>Microcontrolador: AT91SAM3X8E<\/li>\n<li>Velocidade do Clock: 84MHz;<\/li>\n<li>Tens\u00e3o de Opera\u00e7\u00e3o: 3.3v<\/li>\n<li>Tens\u00e3o de entrada no conector P4: 5v<\/li>\n<li>Pinos de entrada\/sa\u00edda: 54 (sendo 12 PWM)<\/li>\n<li>Pinos de entrada anal\u00f3gica: 12<\/li>\n<li>Pinos de sa\u00edda anal\u00f3gica: 2 (DAC)<\/li>\n<li>Mem\u00f3ria Flash: 512 KB<\/li>\n<li>Mem\u00f3ria SRAM: 96 KB;<\/li>\n<li><strong>OBS: APENAS UTILIZE COM M\u00d3DULOS COMPAT\u00cdVEIS COM 3.3V<\/strong><\/li>\n<\/ul>\n<p>&nbsp;<\/p>\n<p><strong>Especifica\u00e7\u00f5es do M\u00f3dulo LCD (SEM TOUCH):<\/strong><\/p>\n<ul>\n<li>LCD TFT 3.2 polegadas<\/li>\n<li>Resolu\u00e7\u00e3o 480 x 320<\/li>\n<li>Touch: N\u00c3O<\/li>\n<li>Comunica\u00e7\u00e3o: SPI<\/li>\n<li>Bibliotecas: UTFT (baixar do link abaixo e salvar dentro da pasta &#8220;libraries&#8221;)<\/li>\n<li>https:\/\/www.codigointeligente.com.br\/wp-content\/uploads\/2023\/12\/UTFT.zip<\/li>\n<li>Driver: ILI9486<\/li>\n<li>Pinos: 38, 39, 40, 41<\/li>\n<\/ul>\n<p>&nbsp;<\/p>\n<p><strong>Especifica\u00e7\u00f5es do M\u00f3dulo Tiny RTC:<\/strong><\/p>\n<ul>\n<li>M\u00f3dulo RTC (Real Time Clock) DS1307<\/li>\n<li>Tens\u00e3o de Alimenta\u00e7\u00e3o \/ Opera\u00e7\u00e3o: 3.3 &#8211; 5 VDC<\/li>\n<li>Informa: Data-hora (Dia m\u00eas, Dia da Semana, M\u00eas, Ano, Hora, Minutos, Segundos)<\/li>\n<li>Possui 56 Bytes de mem\u00f3ria RAM<\/li>\n<li>Consumo: 1.5mA<\/li>\n<li>Dimens\u00f5es: 28 x 25 x 10mm<\/li>\n<li>Caracter\u00edsticas 24C32 (EEPROM):\n<ul>\n<li>Comunica\u00e7\u00e3o: I2C<\/li>\n<li>Mem\u00f3ria: 4 KB (32Kbit)<\/li>\n<\/ul>\n<\/li>\n<li>Bibliotecas: RTClib e Wire (Baixar pela Interface do Arduino)<\/li>\n<li><strong>Obs: N\u00e3o acompanha bateria e pinos<\/strong>.<\/li>\n<\/ul>\n","protected":false},"excerpt":{"rendered":"<p><strong>Este Kit \u00e9 composto por:<\/strong><\/p>\n<ul>\n<li>Placa compat\u00edvel com Arduino DUE<\/li>\n<li>M\u00f3dulo LCD TFT 3.2 polegadas<\/li>\n<li>M\u00f3dulo Tiny RTC<\/li>\n<\/ul>\n","protected":false},"featured_media":1884,"comment_status":"open","ping_status":"closed","template":"","meta":[],"product_brand":[],"product_cat":[25],"product_tag":[],"class_list":{"0":"post-1876","1":"product","2":"type-product","3":"status-publish","4":"has-post-thumbnail","6":"product_cat-kit-arduino-due","8":"first","9":"instock","10":"sale","11":"shipping-taxable","12":"purchasable","13":"product-type-simple"},"_links":{"self":[{"href":"https:\/\/codigointeligente.com.br\/loja\/wp-json\/wp\/v2\/product\/1876","targetHints":{"allow":["GET"]}}],"collection":[{"href":"https:\/\/codigointeligente.com.br\/loja\/wp-json\/wp\/v2\/product"}],"about":[{"href":"https:\/\/codigointeligente.com.br\/loja\/wp-json\/wp\/v2\/types\/product"}],"replies":[{"embeddable":true,"href":"https:\/\/codigointeligente.com.br\/loja\/wp-json\/wp\/v2\/comments?post=1876"}],"wp:featuredmedia":[{"embeddable":true,"href":"https:\/\/codigointeligente.com.br\/loja\/wp-json\/wp\/v2\/media\/1884"}],"wp:attachment":[{"href":"https:\/\/codigointeligente.com.br\/loja\/wp-json\/wp\/v2\/media?parent=1876"}],"wp:term":[{"taxonomy":"product_brand","embeddable":true,"href":"https:\/\/codigointeligente.com.br\/loja\/wp-json\/wp\/v2\/product_brand?post=1876"},{"taxonomy":"product_cat","embeddable":true,"href":"https:\/\/codigointeligente.com.br\/loja\/wp-json\/wp\/v2\/product_cat?post=1876"},{"taxonomy":"product_tag","embeddable":true,"href":"https:\/\/codigointeligente.com.br\/loja\/wp-json\/wp\/v2\/product_tag?post=1876"}],"curies":[{"name":"wp","href":"https:\/\/api.w.org\/{rel}","templated":true}]}}