{"id":1872,"date":"2023-12-26T12:35:51","date_gmt":"2023-12-26T15:35:51","guid":{"rendered":"https:\/\/codigointeligente.com.br\/loja\/?post_type=product&#038;p=1872"},"modified":"2024-01-05T15:09:25","modified_gmt":"2024-01-05T18:09:25","slug":"due-rede","status":"publish","type":"product","link":"https:\/\/codigointeligente.com.br\/loja\/produto\/due-rede\/","title":{"rendered":"DUE + REDE"},"content":{"rendered":"<p><strong>Especifica\u00e7\u00f5es da placa com Atmel SAM3X8E ARM Cortex-M3 CPU:<\/strong><\/p>\n<ul>\n<li>Microcontrolador: AT91SAM3X8E<\/li>\n<li>Velocidade do Clock: 84MHz;<\/li>\n<li>Tens\u00e3o de Opera\u00e7\u00e3o: 3.3v<\/li>\n<li>Tens\u00e3o de entrada no conector P4: 5v<\/li>\n<li>Pinos de entrada\/sa\u00edda: 54 (sendo 12 PWM)<\/li>\n<li>Pinos de entrada anal\u00f3gica: 12<\/li>\n<li>Pinos de sa\u00edda anal\u00f3gica: 2 (DAC)<\/li>\n<li>Mem\u00f3ria Flash: 512 KB<\/li>\n<li>Mem\u00f3ria SRAM: 96 KB;<\/li>\n<li><strong>OBS: APENAS UTILIZE COM M\u00d3DULOS COMPAT\u00cdVEIS COM 3.3V<\/strong><\/li>\n<\/ul>\n<p>&nbsp;<\/p>\n<p><strong>Especifica\u00e7\u00f5es do M\u00f3dulo Ethernet w5100:<\/strong><\/p>\n<ul>\n<li>Controlador: W5100<\/li>\n<li>Tens\u00e3o de Alimenta\u00e7\u00e3o \/ Opera\u00e7\u00e3o: 3.3 &#8211; 5 VDC<\/li>\n<li>Velocidade de conex\u00e3o: 10 \/ 100Mb<\/li>\n<li>Suporte (Full-duplex e half-duplex)<\/li>\n<li>Protocolos Suportados: TCP \/ IP, UDP, ICMP, ARP IPv4, IGMP, PPPoE, Ethernet<\/li>\n<li>Suporte a conex\u00e3o ADSL (PPPoE com PAP \/ CHAP no modo de autentica\u00e7\u00e3o)<\/li>\n<li>Suporte a 4 conex\u00f5es independentes simultaneamente<\/li>\n<li>Mem\u00f3ria Interna: 16Kb para buffers de RX\/TX<\/li>\n<li>Slot para cart\u00e3o SD<\/li>\n<li>Comunica\u00e7\u00e3o com placa Atmega ou Arm: SPI<\/li>\n<li>Bibliotecas: Ethernet e SD (Baixar pela Interface do Arduino)<\/li>\n<\/ul>\n","protected":false},"excerpt":{"rendered":"<p><strong>Este Kit \u00e9 composto por:<\/strong><\/p>\n<ul>\n<li>Placa compat\u00edvel com Arduino DUE<\/li>\n<li>M\u00f3dulo Ethernet W5100<\/li>\n<\/ul>\n","protected":false},"featured_media":904,"comment_status":"open","ping_status":"closed","template":"","meta":[],"product_brand":[],"product_cat":[25],"product_tag":[],"class_list":{"0":"post-1872","1":"product","2":"type-product","3":"status-publish","4":"has-post-thumbnail","6":"product_cat-kit-arduino-due","8":"first","9":"instock","10":"sale","11":"shipping-taxable","12":"purchasable","13":"product-type-simple"},"_links":{"self":[{"href":"https:\/\/codigointeligente.com.br\/loja\/wp-json\/wp\/v2\/product\/1872","targetHints":{"allow":["GET"]}}],"collection":[{"href":"https:\/\/codigointeligente.com.br\/loja\/wp-json\/wp\/v2\/product"}],"about":[{"href":"https:\/\/codigointeligente.com.br\/loja\/wp-json\/wp\/v2\/types\/product"}],"replies":[{"embeddable":true,"href":"https:\/\/codigointeligente.com.br\/loja\/wp-json\/wp\/v2\/comments?post=1872"}],"wp:featuredmedia":[{"embeddable":true,"href":"https:\/\/codigointeligente.com.br\/loja\/wp-json\/wp\/v2\/media\/904"}],"wp:attachment":[{"href":"https:\/\/codigointeligente.com.br\/loja\/wp-json\/wp\/v2\/media?parent=1872"}],"wp:term":[{"taxonomy":"product_brand","embeddable":true,"href":"https:\/\/codigointeligente.com.br\/loja\/wp-json\/wp\/v2\/product_brand?post=1872"},{"taxonomy":"product_cat","embeddable":true,"href":"https:\/\/codigointeligente.com.br\/loja\/wp-json\/wp\/v2\/product_cat?post=1872"},{"taxonomy":"product_tag","embeddable":true,"href":"https:\/\/codigointeligente.com.br\/loja\/wp-json\/wp\/v2\/product_tag?post=1872"}],"curies":[{"name":"wp","href":"https:\/\/api.w.org\/{rel}","templated":true}]}}