{"id":1012,"date":"2023-12-20T21:26:18","date_gmt":"2023-12-21T00:26:18","guid":{"rendered":"https:\/\/codigointeligente.com.br\/loja\/?post_type=product&#038;p=1012"},"modified":"2024-01-05T14:54:50","modified_gmt":"2024-01-05T17:54:50","slug":"mega_lcd_rtc","status":"publish","type":"product","link":"https:\/\/codigointeligente.com.br\/loja\/produto\/mega_lcd_rtc\/","title":{"rendered":"MEGA + LCD 3.5 pol (COM TOUCH) + RTC"},"content":{"rendered":"<p><strong>Especifica\u00e7\u00f5es da placa com ATMega 2560:<\/strong><\/p>\n<ul>\n<li>Clock de opera\u00e7\u00e3o: 16Mhz<\/li>\n<li>Tens\u00e3o de opera\u00e7\u00e3o: 5V<\/li>\n<li>Entradas\/sa\u00eddas digitais: 54<\/li>\n<li>Portas seriais (RX\/TX): 4 canais<\/li>\n<li>Entradas anal\u00f3gicas: 16<\/li>\n<li>Mem\u00f3ria FLASH\u00a0 (programas): 256 KB<\/li>\n<li>Mem\u00f3ria RAM (vol\u00e1til): 8 KB<\/li>\n<li>Mem\u00f3ria EEPROM (n\u00e3o vol\u00e1til): 4KB<\/li>\n<\/ul>\n<p>&nbsp;<\/p>\n<p><strong>Especifica\u00e7\u00f5es do M\u00f3dulo LCD (COM TOUCH):<\/strong><\/p>\n<ul>\n<li>LCD TFT 3.5 polegadas<\/li>\n<li>Resolu\u00e7\u00e3o 400 x 240<\/li>\n<li>Touch: SIM<\/li>\n<li>Cor: verde<\/li>\n<li>Comunica\u00e7\u00e3o: SPI<\/li>\n<li>Driver: ILI9327_8<\/li>\n<li>Pinos LCD: 38, 39, 40, 41<\/li>\n<li>Pinos TOUCH: 6, 5, 4, 3, 2<\/li>\n<li>Bibliotecas: UTFT-Master e Utouch (links abaixo)<\/li>\n<li>https:\/\/www.codigointeligente.com.br\/wp-content\/uploads\/2023\/12\/BIBLIOTECAS.zip<\/li>\n<li>https:\/\/www.codigointeligente.com.br\/wp-content\/uploads\/2023\/12\/EXEMPLO_LCD.zip<\/li>\n<\/ul>\n<p>&nbsp;<\/p>\n<p><strong>Especifica\u00e7\u00f5es do M\u00f3dulo Tiny RTC:<\/strong><\/p>\n<ul>\n<li>M\u00f3dulo RTC (Real Time Clock) DS1307<\/li>\n<li>Tens\u00e3o de Alimenta\u00e7\u00e3o \/ Opera\u00e7\u00e3o: 3.3 &#8211; 5 VDC<\/li>\n<li>Informa: Data-hora (Dia m\u00eas, Dia da Semana, M\u00eas, Ano, Hora, Minutos, Segundos)<\/li>\n<li>Possui 56 Bytes de mem\u00f3ria RAM<\/li>\n<li>Consumo: 1.5mA<\/li>\n<li>Dimens\u00f5es: 28 x 25 x 10mm<\/li>\n<li>Caracter\u00edsticas 24C32 (EEPROM):\n<ul>\n<li>Comunica\u00e7\u00e3o: I2C<\/li>\n<li>Mem\u00f3ria: 4 KB (32Kbit)<\/li>\n<\/ul>\n<\/li>\n<li><strong>Obs: N\u00e3o acompanha bateria e pinos<\/strong>.<\/li>\n<\/ul>\n","protected":false},"excerpt":{"rendered":"<p><strong>Este Kit \u00e9 composto por:<\/strong><\/p>\n<ul>\n<li>Placa compat\u00edvel com ATMega 2560<\/li>\n<li>M\u00f3dulo LCD TFT 3.5 polegadas<\/li>\n<li>M\u00f3dulo Tiny RTC<\/li>\n<\/ul>\n","protected":false},"featured_media":901,"comment_status":"open","ping_status":"closed","template":"","meta":[],"product_brand":[],"product_cat":[29],"product_tag":[],"class_list":{"0":"post-1012","1":"product","2":"type-product","3":"status-publish","4":"has-post-thumbnail","6":"product_cat-kit-arduino-mega","8":"first","9":"instock","10":"sale","11":"shipping-taxable","12":"purchasable","13":"product-type-simple"},"_links":{"self":[{"href":"https:\/\/codigointeligente.com.br\/loja\/wp-json\/wp\/v2\/product\/1012","targetHints":{"allow":["GET"]}}],"collection":[{"href":"https:\/\/codigointeligente.com.br\/loja\/wp-json\/wp\/v2\/product"}],"about":[{"href":"https:\/\/codigointeligente.com.br\/loja\/wp-json\/wp\/v2\/types\/product"}],"replies":[{"embeddable":true,"href":"https:\/\/codigointeligente.com.br\/loja\/wp-json\/wp\/v2\/comments?post=1012"}],"wp:featuredmedia":[{"embeddable":true,"href":"https:\/\/codigointeligente.com.br\/loja\/wp-json\/wp\/v2\/media\/901"}],"wp:attachment":[{"href":"https:\/\/codigointeligente.com.br\/loja\/wp-json\/wp\/v2\/media?parent=1012"}],"wp:term":[{"taxonomy":"product_brand","embeddable":true,"href":"https:\/\/codigointeligente.com.br\/loja\/wp-json\/wp\/v2\/product_brand?post=1012"},{"taxonomy":"product_cat","embeddable":true,"href":"https:\/\/codigointeligente.com.br\/loja\/wp-json\/wp\/v2\/product_cat?post=1012"},{"taxonomy":"product_tag","embeddable":true,"href":"https:\/\/codigointeligente.com.br\/loja\/wp-json\/wp\/v2\/product_tag?post=1012"}],"curies":[{"name":"wp","href":"https:\/\/api.w.org\/{rel}","templated":true}]}}