{"id":1011,"date":"2023-12-20T21:25:37","date_gmt":"2023-12-21T00:25:37","guid":{"rendered":"https:\/\/codigointeligente.com.br\/loja\/?post_type=product&#038;p=1011"},"modified":"2024-01-05T15:12:43","modified_gmt":"2024-01-05T18:12:43","slug":"mega_rede","status":"publish","type":"product","link":"https:\/\/codigointeligente.com.br\/loja\/produto\/mega_rede\/","title":{"rendered":"MEGA + REDE"},"content":{"rendered":"<p><strong>Especifica\u00e7\u00f5es da placa com ATMega 2560:<\/strong><\/p>\n<ul>\n<li>Clock de opera\u00e7\u00e3o: 16Mhz<\/li>\n<li>Tens\u00e3o de opera\u00e7\u00e3o: 5V<\/li>\n<li>Entradas\/sa\u00eddas digitais: 54<\/li>\n<li>Portas seriais (RX\/TX): 4 canais<\/li>\n<li>Entradas anal\u00f3gicas: 16<\/li>\n<li>Mem\u00f3ria FLASH\u00a0 (programas): 256 KB<\/li>\n<li>Mem\u00f3ria RAM (vol\u00e1til): 8 KB<\/li>\n<li>Mem\u00f3ria EEPROM (n\u00e3o vol\u00e1til): 4KB<\/li>\n<\/ul>\n<p>&nbsp;<\/p>\n<p><strong>Especifica\u00e7\u00f5es do M\u00f3dulo Ethernet W5100:<\/strong><\/p>\n<ul>\n<li>Controlador: W5100<\/li>\n<li>Tens\u00e3o de opera\u00e7\u00e3o: 3.3 &#8211; 5 VDC<\/li>\n<li>Velocidade de conex\u00e3o: 10 \/ 100Mb<\/li>\n<li>Suporte (Full-duplex e half-duplex)<\/li>\n<li>Protocolos Suportados: TCP \/ IP, UDP, ICMP, ARP IPv4, IGMP, PPPoE, Ethernet<\/li>\n<li>Suporte a conex\u00e3o ADSL (PPPoE com PAP \/ CHAP no modo de autentica\u00e7\u00e3o)<\/li>\n<li>Suporte a 4 conex\u00f5es independentes simultaneamente<\/li>\n<li>Mem\u00f3ria Interna: 16Kb para buffers de RX\/TX<\/li>\n<li>Slot para cart\u00e3o SD<\/li>\n<li>Comunica\u00e7\u00e3o com placa Atmega ou Arm: SPI<\/li>\n<li>Bibliotecas: Ethernet e SD Library (Baixar pela Interface do Arduino)<\/li>\n<\/ul>\n","protected":false},"excerpt":{"rendered":"<p><strong>Este Kit \u00e9 composto por:<\/strong><\/p>\n<ul>\n<li>Placa compat\u00edvel com ATMega 2560<\/li>\n<li>M\u00f3dulo Ethernet W5100<\/li>\n<\/ul>\n","protected":false},"featured_media":907,"comment_status":"open","ping_status":"closed","template":"","meta":[],"product_brand":[],"product_cat":[29],"product_tag":[],"class_list":{"0":"post-1011","1":"product","2":"type-product","3":"status-publish","4":"has-post-thumbnail","6":"product_cat-kit-arduino-mega","8":"first","9":"instock","10":"sale","11":"shipping-taxable","12":"purchasable","13":"product-type-simple"},"_links":{"self":[{"href":"https:\/\/codigointeligente.com.br\/loja\/wp-json\/wp\/v2\/product\/1011","targetHints":{"allow":["GET"]}}],"collection":[{"href":"https:\/\/codigointeligente.com.br\/loja\/wp-json\/wp\/v2\/product"}],"about":[{"href":"https:\/\/codigointeligente.com.br\/loja\/wp-json\/wp\/v2\/types\/product"}],"replies":[{"embeddable":true,"href":"https:\/\/codigointeligente.com.br\/loja\/wp-json\/wp\/v2\/comments?post=1011"}],"wp:featuredmedia":[{"embeddable":true,"href":"https:\/\/codigointeligente.com.br\/loja\/wp-json\/wp\/v2\/media\/907"}],"wp:attachment":[{"href":"https:\/\/codigointeligente.com.br\/loja\/wp-json\/wp\/v2\/media?parent=1011"}],"wp:term":[{"taxonomy":"product_brand","embeddable":true,"href":"https:\/\/codigointeligente.com.br\/loja\/wp-json\/wp\/v2\/product_brand?post=1011"},{"taxonomy":"product_cat","embeddable":true,"href":"https:\/\/codigointeligente.com.br\/loja\/wp-json\/wp\/v2\/product_cat?post=1011"},{"taxonomy":"product_tag","embeddable":true,"href":"https:\/\/codigointeligente.com.br\/loja\/wp-json\/wp\/v2\/product_tag?post=1011"}],"curies":[{"name":"wp","href":"https:\/\/api.w.org\/{rel}","templated":true}]}}