{"id":1728,"date":"2023-12-24T10:58:28","date_gmt":"2023-12-24T13:58:28","guid":{"rendered":"https:\/\/codigointeligente.com.br\/loja\/?page_id=1728"},"modified":"2024-01-05T15:56:42","modified_gmt":"2024-01-05T18:56:42","slug":"sobre-nos","status":"publish","type":"page","link":"https:\/\/codigointeligente.com.br\/loja\/sobre-nos\/","title":{"rendered":"Sobre N\u00f3s"},"content":{"rendered":"\t\t<div data-elementor-type=\"wp-page\" data-elementor-id=\"1728\" class=\"elementor elementor-1728\" data-elementor-settings=\"{&quot;ha_cmc_init_switcher&quot;:&quot;no&quot;}\">\n\t\t\t\t<div class=\"elementor-element elementor-element-1495a1a e-flex e-con-boxed e-con e-parent\" data-id=\"1495a1a\" data-element_type=\"container\" data-settings=\"{&quot;_ha_eqh_enable&quot;:false}\">\n\t\t\t\t\t<div class=\"e-con-inner\">\n\t\t<div class=\"elementor-element elementor-element-70a456e e-con-full e-flex e-con e-child\" data-id=\"70a456e\" data-element_type=\"container\" data-settings=\"{&quot;_ha_eqh_enable&quot;:false}\">\n\t\t\t\t<div class=\"elementor-element elementor-element-0aa3cb3 elementor-widget elementor-widget-heading\" data-id=\"0aa3cb3\" data-element_type=\"widget\" data-widget_type=\"heading.default\">\n\t\t\t\t<div class=\"elementor-widget-container\">\n\t\t\t\t\t<h2 class=\"elementor-heading-title elementor-size-default\">Sobre N\u00f3s<\/h2>\t\t\t\t<\/div>\n\t\t\t\t<\/div>\n\t\t\t\t<div class=\"elementor-element elementor-element-be33863 elementor-widget elementor-widget-text-editor\" data-id=\"be33863\" data-element_type=\"widget\" data-widget_type=\"text-editor.default\">\n\t\t\t\t<div class=\"elementor-widget-container\">\n\t\t\t\t\t\t\t\t\t<p>A marca C\u00f3digo Inteligente foi registrada visando ser um bra\u00e7o educacional da empresa LBN AUTOMA\u00c7\u00c3O EIRELI ME, cujo CNPJ \u00e9 20.792.499\/0001-24.<\/p><p>Nossa miss\u00e3o \u00e9 promover as\u00a0 \u00e1reas de Programa\u00e7\u00e3o e Eletr\u00f4nica atrav\u00e9s de conte\u00fados did\u00e1ticos, com foco em aplica\u00e7\u00f5es pr\u00e1ticas.<\/p><p>Estamos desenvolvendo conte\u00fados unindo essas duas \u00e1reas de conhecimento, al\u00e9m de comercializar produtos relacionados a esse aprendizado.<\/p><p>Todos nossos produtos foram importados e\u00a0<span style=\"font-size: 1rem;\">devidamente nacionalizados,\u00a0 com\u00a0<\/span><span style=\"font-size: 1rem;\">impostos de aprox. 89% (Governo Federal + ICMS). Emitimos notas fiscais para todas as vendas.<\/span><\/p>\t\t\t\t\t\t\t\t<\/div>\n\t\t\t\t<\/div>\n\t\t\t\t<div class=\"elementor-element elementor-element-45e05ed elementor-widget elementor-widget-heading\" data-id=\"45e05ed\" data-element_type=\"widget\" data-widget_type=\"heading.default\">\n\t\t\t\t<div class=\"elementor-widget-container\">\n\t\t\t\t\t<h2 class=\"elementor-heading-title elementor-size-default\"><a href=\"https:\/\/codigointeligente.com.br\/loja\/contato\">D\u00favidas? Fale conosco<\/a><\/h2>\t\t\t\t<\/div>\n\t\t\t\t<\/div>\n\t\t\t\t<\/div>\n\t\t<div class=\"elementor-element elementor-element-36fd36a e-con-full e-flex e-con e-child\" data-id=\"36fd36a\" data-element_type=\"container\" data-settings=\"{&quot;_ha_eqh_enable&quot;:false}\">\n\t\t\t\t<\/div>\n\t\t\t\t\t<\/div>\n\t\t\t\t<\/div>\n\t\t\t\t<\/div>\n\t\t","protected":false},"excerpt":{"rendered":"<p>Sobre N\u00f3s A marca C\u00f3digo Inteligente foi registrada visando ser um bra\u00e7o educacional da empresa LBN AUTOMA\u00c7\u00c3O EIRELI ME, cujo CNPJ \u00e9 20.792.499\/0001-24. Nossa miss\u00e3o \u00e9 promover as\u00a0 \u00e1reas de Programa\u00e7\u00e3o e Eletr\u00f4nica atrav\u00e9s de conte\u00fados did\u00e1ticos, com foco em aplica\u00e7\u00f5es pr\u00e1ticas. Estamos desenvolvendo conte\u00fados unindo essas duas \u00e1reas de conhecimento, al\u00e9m de comercializar produtos [&hellip;]<\/p>\n","protected":false},"author":1,"featured_media":0,"parent":0,"menu_order":0,"comment_status":"closed","ping_status":"closed","template":"elementor_header_footer","meta":{"footnotes":""},"class_list":["post-1728","page","type-page","status-publish","hentry"],"_links":{"self":[{"href":"https:\/\/codigointeligente.com.br\/loja\/wp-json\/wp\/v2\/pages\/1728","targetHints":{"allow":["GET"]}}],"collection":[{"href":"https:\/\/codigointeligente.com.br\/loja\/wp-json\/wp\/v2\/pages"}],"about":[{"href":"https:\/\/codigointeligente.com.br\/loja\/wp-json\/wp\/v2\/types\/page"}],"author":[{"embeddable":true,"href":"https:\/\/codigointeligente.com.br\/loja\/wp-json\/wp\/v2\/users\/1"}],"replies":[{"embeddable":true,"href":"https:\/\/codigointeligente.com.br\/loja\/wp-json\/wp\/v2\/comments?post=1728"}],"version-history":[{"count":58,"href":"https:\/\/codigointeligente.com.br\/loja\/wp-json\/wp\/v2\/pages\/1728\/revisions"}],"predecessor-version":[{"id":2131,"href":"https:\/\/codigointeligente.com.br\/loja\/wp-json\/wp\/v2\/pages\/1728\/revisions\/2131"}],"wp:attachment":[{"href":"https:\/\/codigointeligente.com.br\/loja\/wp-json\/wp\/v2\/media?parent=1728"}],"curies":[{"name":"wp","href":"https:\/\/api.w.org\/{rel}","templated":true}]}}